{"id":835,"date":"2023-01-18T13:03:38","date_gmt":"2023-01-18T11:03:38","guid":{"rendered":"https:\/\/stevas.ee\/?page_id=835"},"modified":"2023-01-22T23:01:03","modified_gmt":"2023-01-22T21:01:03","slug":"gaasi-tood","status":"publish","type":"page","link":"https:\/\/stevas.ee\/et\/gaasi-tood\/","title":{"rendered":"GAASIT\u00d6\u00d6D"},"content":{"rendered":"<p>Meie firma pakub j\u00e4rgmisi teenuseid, mis on seotud gaasiga ja mis sobivad mitte ainult korteri\u00fchistutele ja suurtele ettev\u00f5tetele, vaid ka eramajade ja korterite omanikele Ida-virumaa ja Ida-virumaalt v\u00e4ljaspool. Teie ohutus on meie jaoks esmat\u00e4htis.<\/p>\n\n\n\n<p>Meie firmast:<\/p>\n\n\n\n<ol class=\"wp-block-list\" type=\"1\" start=\"1\">\n<li>Turvalisus. T\u00f6\u00f6d teostatakse vastavalt eeskirjadele.<\/li>\n\n\n\n<li>Kvaliteet. Garantii kehtib iga teenuste jaoks.<\/li>\n\n\n\n<li>Kiirus. Tellimuse t\u00e4itmine toimub v\u00f5imalikult kiiresti; minimaalne ooteaeg garanteeritud.<\/li>\n\n\n\n<li>T\u00e4psus. Meistrid saabuvad t\u00e4pselt lubatud ajavahemiku jooksul.<\/li>\n\n\n\n<li>Taskukohane hind. Teenused on k\u00f5rgekvaliteedilised, aga hinnad taskukohased.<\/li>\n<\/ol>\n\n\n\n<p>Pakume j\u00e4rgmisi teenuseid:<\/p>\n\n\n\n<ul class=\"wp-block-list\">\n<li>Gaasilekete p\u00f5hjuste tuvastamine. Avariide k\u00f5rvaldamine.<\/li>\n\n\n\n<li>Gaasipliitide paigaldamine ja \u00fchendamine.<\/li>\n\n\n\n<li>Gaasiboileri paigaldamine ja \u00fchendamine.<\/li>\n\n\n\n<li>Gaasikatla paigaldamine ja \u00fchendamine.<\/li>\n\n\n\n<li>Gaasitorude \u00fcmberpaigutamine\/l\u00f5ikamine.<\/li>\n\n\n\n<li>Gaasipliitide ja gaasiboilerite remont ja hooldus.<\/li>\n\n\n\n<li>Gaasikraani vahetamine.<\/li>\n\n\n\n<li>Gaasik\u00fctteseadmete paigaldamine ja \u00fchendamine.<\/li>\n<\/ul>\n\n\n\n<p>Meil t\u00f6\u00f6tavad ainult k\u00f5rgekvalifikatsiooniga meistrid.<\/p>","protected":false},"excerpt":{"rendered":"<p>\u041d\u0430\u0448\u0430 \u0444\u0438\u0440\u043c\u0430 \u043f\u0440\u0435\u0434\u043b\u0430\u0433\u0430\u0435\u0442 \u0441\u043b\u0435\u0434\u0443\u044e\u0449\u0438\u0435 \u0432\u0438\u0434\u044b \u0440\u0430\u0431\u043e\u0442, \u0441\u0432\u044f\u0437\u0430\u043d\u043d\u044b\u0445 \u0441 \u0433\u0430\u0437\u043e\u043c, \u043a\u043e\u0442\u043e\u0440\u044b\u0435 \u043f\u043e\u0434\u0445\u043e\u0434\u044f\u0442, \u043a\u0430\u043a \u043a\u0432\u0430\u0440\u0442\u0438\u0440\u043d\u044b\u043c \u0442\u043e\u0432\u0430\u0440\u0438\u0449\u0435\u0441\u0442\u0432\u0430\u043c \u0438 \u043a\u0440\u0443\u043f\u043d\u044b\u043c \u043f\u0440\u0435\u0434\u043f\u0440\u0438\u044f\u0442\u0438\u044f\u043c, \u043d\u043e \u0442\u0430\u043a\u0436\u0435 \u0432\u043b\u0430\u0434\u0435\u043b\u044c\u0446\u0430\u043c \u0447\u0430\u0441\u0442\u043d\u044b\u0445 \u0434\u043e\u043c\u043e\u0432 \u0438 \u043a\u0432\u0430\u0440\u0442\u0438\u0440 \u0432&hellip;<\/p>","protected":false},"author":1,"featured_media":994,"parent":0,"menu_order":0,"comment_status":"closed","ping_status":"closed","template":"","meta":{"footnotes":""},"class_list":["post-835","page","type-page","status-publish","has-post-thumbnail","hentry"],"_links":{"self":[{"href":"https:\/\/stevas.ee\/et\/wp-json\/wp\/v2\/pages\/835","targetHints":{"allow":["GET"]}}],"collection":[{"href":"https:\/\/stevas.ee\/et\/wp-json\/wp\/v2\/pages"}],"about":[{"href":"https:\/\/stevas.ee\/et\/wp-json\/wp\/v2\/types\/page"}],"author":[{"embeddable":true,"href":"https:\/\/stevas.ee\/et\/wp-json\/wp\/v2\/users\/1"}],"replies":[{"embeddable":true,"href":"https:\/\/stevas.ee\/et\/wp-json\/wp\/v2\/comments?post=835"}],"version-history":[{"count":1,"href":"https:\/\/stevas.ee\/et\/wp-json\/wp\/v2\/pages\/835\/revisions"}],"predecessor-version":[{"id":837,"href":"https:\/\/stevas.ee\/et\/wp-json\/wp\/v2\/pages\/835\/revisions\/837"}],"wp:featuredmedia":[{"embeddable":true,"href":"https:\/\/stevas.ee\/et\/wp-json\/wp\/v2\/media\/994"}],"wp:attachment":[{"href":"https:\/\/stevas.ee\/et\/wp-json\/wp\/v2\/media?parent=835"}],"curies":[{"name":"wp","href":"https:\/\/api.w.org\/{rel}","templated":true}]}}