{"id":831,"date":"2023-01-18T12:56:44","date_gmt":"2023-01-18T10:56:44","guid":{"rendered":"https:\/\/stevas.ee\/?page_id=831"},"modified":"2023-01-22T22:35:37","modified_gmt":"2023-01-22T20:35:37","slug":"tule-toole","status":"publish","type":"page","link":"https:\/\/stevas.ee\/et\/tule-toole\/","title":{"rendered":"TULE T\u00d6\u00d6LE"},"content":{"rendered":"<h2 class=\"wp-block-heading\">T\u00f6\u00f6 kirjeldus<\/h2>\n\n\n\n<p>Lukksepp-santehniku t\u00f6\u00f6d ehitusobjektidel: vee- ja kanalisatsioonitorude paigaldamine, du\u0161ikabiinide ja muu santehnika paigaldamine. Keskk\u00fctte- ja veevarustuss\u00fcsteemide, sise- ja v\u00e4listrasside kanalisatsiooni (teras-, plast-, komposiittorud) paigaldus, remont, hooldus.<\/p>\n\n\n\n<h2 class=\"wp-block-heading\">N\u00f5uded kandidaadile<\/h2>\n\n\n\n<p>T\u00f6\u00f6 eeldab oskust m\u00f5elda loogiliselt ja iseseisvalt, keskenduda tulemusele<\/p>\n\n\n\n<p>B - kat juhiluba<\/p>\n\n\n\n<p>Ajataju<\/p>\n\n\n\n<p>T\u00e4psus.<\/p>\n\n\n\n<p>Korrektsus.<\/p>\n\n\n\n<h2 class=\"wp-block-heading\">Firma pakub<\/h2>\n\n\n\n<p>T\u00f6\u00f6riided, transport objektile. Vaheldusrikas, huvitav t\u00f6\u00f6, konkurentsiv\u00f5imeline t\u00f6\u00f6tasu, \u00f5ppimis- ja kvalifikatsiooni t\u00f5stmise v\u00f5imalus.<\/p>\n\n\n\n<p><\/p>\n\n\n\n<p><strong>CV saatke info@stevas.ee<\/strong><\/p>","protected":false},"excerpt":{"rendered":"<p>\u041e\u043f\u0438\u0441\u0430\u043d\u0438\u0435 \u0440\u0430\u0431\u043e\u0442\u044b \u0421\u043b\u0435\u0441\u0430\u0440\u043d\u043e-\u0441\u0430\u043d\u0442\u0435\u0445\u043d\u0438\u0447\u0435\u0441\u043a\u0438\u0435 \u0440\u0430\u0431\u043e\u0442\u044b \u043d\u0430 \u0441\u0442\u0440\u043e\u0439\u043a\u0430\u0445: \u043c\u043e\u043d\u0442\u0430\u0436 \u0432\u043e\u0434\u043e\u043f\u0440\u043e\u0432\u043e\u0434\u043d\u044b\u0445 \u0438 \u043a\u0430\u043d\u0430\u043b\u0438\u0437\u0430\u0446\u0438\u043e\u043d\u043d\u044b\u0445 \u0442\u0440\u0443\u0431, \u0443\u0441\u0442\u0430\u043d\u043e\u0432\u043a\u0430 \u0434\u0443\u0448\u0435\u0432\u044b\u0445 \u043a\u0430\u0431\u0438\u043d \u0438 \u0434\u0440\u0443\u0433\u043e\u0433\u043e \u0441\u0430\u043d\u0442\u0435\u0445\u043d\u0438\u0447\u0435\u0441\u043a\u043e\u0433\u043e \u043e\u0431\u043e\u0440\u0443\u0434\u043e\u0432\u0430\u043d\u0438\u044f. \u041c\u043e\u043d\u0442\u0430\u0436, \u0440\u0435\u043c\u043e\u043d\u0442, \u043e\u0431\u0441\u043b\u0443\u0436\u0438\u0432\u0430\u043d\u0438\u0435 \u0441\u0438\u0441\u0442\u0435\u043c \u0446\u0435\u043d\u0442\u0440\u0430\u043b\u044c\u043d\u043e\u0433\u043e \u043e\u0442\u043e\u043f\u043b\u0435\u043d\u0438\u044f \u0438&hellip;<\/p>","protected":false},"author":1,"featured_media":0,"parent":0,"menu_order":0,"comment_status":"closed","ping_status":"closed","template":"","meta":{"footnotes":""},"class_list":["post-831","page","type-page","status-publish","hentry"],"_links":{"self":[{"href":"https:\/\/stevas.ee\/et\/wp-json\/wp\/v2\/pages\/831","targetHints":{"allow":["GET"]}}],"collection":[{"href":"https:\/\/stevas.ee\/et\/wp-json\/wp\/v2\/pages"}],"about":[{"href":"https:\/\/stevas.ee\/et\/wp-json\/wp\/v2\/types\/page"}],"author":[{"embeddable":true,"href":"https:\/\/stevas.ee\/et\/wp-json\/wp\/v2\/users\/1"}],"replies":[{"embeddable":true,"href":"https:\/\/stevas.ee\/et\/wp-json\/wp\/v2\/comments?post=831"}],"version-history":[{"count":6,"href":"https:\/\/stevas.ee\/et\/wp-json\/wp\/v2\/pages\/831\/revisions"}],"predecessor-version":[{"id":991,"href":"https:\/\/stevas.ee\/et\/wp-json\/wp\/v2\/pages\/831\/revisions\/991"}],"wp:attachment":[{"href":"https:\/\/stevas.ee\/et\/wp-json\/wp\/v2\/media?parent=831"}],"curies":[{"name":"wp","href":"https:\/\/api.w.org\/{rel}","templated":true}]}}