{"id":748,"date":"2023-01-15T13:49:18","date_gmt":"2023-01-15T11:49:18","guid":{"rendered":"https:\/\/stevas.ee\/?page_id=748"},"modified":"2023-01-22T14:12:10","modified_gmt":"2023-01-22T12:12:10","slug":"kuttesusteemid","status":"publish","type":"page","link":"https:\/\/stevas.ee\/et\/kuttesusteemid\/","title":{"rendered":"K\u00dcTTES\u00dcSTEEMID"},"content":{"rendered":"<p>K\u00fcttes\u00fcsteemide kvaliteetne t\u00f6\u00f6 on eluasemes mugavate tingimuste loomise aluseks.&nbsp;<strong>K\u00f5iki nende rajamise ja renoveerimisega seotud t\u00f6id pevad teostama \u00fcksnes oma ala professionaalid.<\/strong>See v\u00e4listab igasugust kahtlust konstruktsiooni kindluses ja vastupidavuses ning aitab kokku hoida rahalisi vahendeid t\u00e4nu haruldasele remondi vajadusele.<\/p>\n\n\n\n<h2 class=\"wp-block-heading\">K\u00fcttes\u00fcsteemide ehitamine ja renoveerimine<\/h2>\n\n\n\n<p>K\u00f5ik firma t\u00f6\u00f6tajad suhtuvad k\u00fcttes\u00fcsteemide ehitamise ja renoveerimisega seotud t\u00f6\u00f6desse maksimaalse vastutustundlikkusega. Igat t\u00f6\u00f6etappi \u2013 alates plaani koostamisest kuni l\u00f5ppkontrollini v\u00e4lja teostatakse rangelt kehtestatud norminega vastavuses.<\/p>\n\n\n\n<p>K\u00fcttes\u00fcsteemide renoveerimine on vajalik siis, kui need ei suuda enam t\u00f6\u00f6tada maksimaalse v\u00f5imsusega. Ajapikku halvenevad nende kasutusomadused, tekivad erinevad defektid ja rikked. Taolistes olukordades tekib vajadus spetsialistide abi j\u00e4rele, kes suudavad ilmnenud rikkeid k\u00f5rvaldada.<\/p>\n\n\n\n<h2 class=\"wp-block-heading\">Vesip\u00f5randak\u00fcte<\/h2>\n\n\n\n<p>Vesip\u00f5randak\u00fcte, nagu v\u00f5ib juba selle nimetusest aru saada, p\u00f5hineb kuuma vee kasutamisel. Selle tsirkulatsioon v\u00f5ib olla nii loomulik kui ka kunstlikult loodud. Esimene variant on kindlam. Teine aga palju efektiivsem. Valik s\u00f5ltub hoone enda iseloomust ja territooriumi kliimatingimuste ise\u00e4rasustest.<\/p>\n\n\n\n<p>Vesip\u00f5randak\u00fctte s\u00fcsteem on laialt levinud eramutes. Vahest v\u00f5ib seda kohata ka korteri\u00fchistutes. Mille poolest on antud k\u00fcttes\u00fcsteem hea? Ta pakub elanikele maksimaalselt mugavaid tingimusi.<\/p>\n\n\n\n<p>Suhteliselt v\u00e4ikese raha eest saate te  t\u00e4iesti ohutut konstruktsiooni, mida v\u00f5ib kasutada mitmek\u00fcmne aasta jooksul.&nbsp;<strong>Samuti on vesip\u00f5randak\u00fcte eriti suure kasuteguriga.<\/strong>Teisis\u00f5nu tarbib see s\u00fcsteem v\u00e4he ressursse, kuid t\u00f6\u00f6tab seejuures v\u00e4lja t\u00f5esti muljetavaldavalt palju soojust, mist\u00f5ttu ei tasu oodata kuuma vee arvete j\u00e4rsku t\u00f5usu.<\/p>\n\n\n\n<h2 class=\"wp-block-heading\">Radiaatorite ja kalorifeeride vahetus, paigaldus<\/h2>\n\n\n\n<p>Samuti spetsiaaliseeruvad firma t\u00f6\u00f6tajad kalorifeeride ja radiaatorite vahetamisel ja paigaldamisel. Kalorifeer \u2013 spetsiaalne seade ruumide k\u00fctmiseks. See on torude s\u00fcsteem, mille kaudu voolab kas kuum vesi soojendatud \u00f5hk.<\/p>\n\n\n\n<p>Radiaator kujutab endast seadet toa sees soojuse hoidmiseks. K\u00f5nekeeles nimetatakse seda tihtipeale \u201eradikaks\u201c. Toote t\u00f6\u00f6 p\u00f5him\u00f5te \u2013 selle sees tsirkuleeriv kuum vesi.<\/p>\n\n\n\n<p>Radiaatoreid on mitu liiki:<\/p>\n\n\n\n<ul class=\"wp-block-list\">\n<li>Alumiiniumradiaatorid. Erinevad teistest oma suure soojusv\u00e4ljastuse ja v\u00e4ikese kaalu poolest;<\/li>\n\n\n\n<li>Bimetallilised \u2013 vastupidavad ja meeldiva disainiga;<\/li>\n\n\n\n<li>Terasradiaatorid. Neid on kombeks lugeda k\u00f5ige vastupidavamateks ja ohutumateks;<\/li>\n\n\n\n<li>Malmradiaatorid, mis erinevad v\u00e4ikese maksumuse poolest ja hoiavad h\u00e4sti soojust.<\/li>\n<\/ul>\n\n\n\n<p>Millist radiaatorit valida \u2013 on juba teie otsustada. K\u00f5ik s\u00f5ltub t\u00e4ielikult teie eelarvest ja soovidest.<\/p>","protected":false},"excerpt":{"rendered":"<p>\u041a\u0430\u0447\u0435\u0441\u0442\u0432\u0435\u043d\u043d\u0430\u044f \u0440\u0430\u0431\u043e\u0442\u0430 \u043e\u0442\u043e\u043f\u0438\u0442\u0435\u043b\u044c\u043d\u044b\u0445 \u0441\u0438\u0441\u0442\u0435\u043c \u2014 \u043e\u0441\u043d\u043e\u0432\u0430 \u0434\u043b\u044f \u0441\u043e\u0437\u0434\u0430\u043d\u0438\u044f \u043a\u043e\u043c\u0444\u043e\u0440\u0442\u043d\u044b\u0445 \u0443\u0441\u043b\u043e\u0432\u0438\u0439 \u0432 \u0434\u043e\u043c\u0435.&nbsp;\u0420\u0430\u0431\u043e\u0442\u044b \u043f\u043e \u0438\u0445 \u0441\u0442\u0440\u043e\u0438\u0442\u0435\u043b\u044c\u0441\u0442\u0432\u0443 \u0438 \u0440\u0435\u043d\u043e\u0432\u0430\u0446\u0438\u0438 \u0434\u043e\u043b\u0436\u043d\u044b \u0432\u044b\u043f\u043e\u043b\u043d\u044f\u0442\u044c\u0441\u044f \u0438\u0441\u043a\u043b\u044e\u0447\u0438\u0442\u0435\u043b\u044c\u043d\u043e \u043f\u0440\u043e\u0444\u0435\u0441\u0441\u0438\u043e\u043d\u0430\u043b\u0430\u043c\u0438. \u042d\u0442\u043e \u043f\u043e\u0437\u0432\u043e\u043b\u0438\u0442 \u043d\u0435 \u0441\u043e\u043c\u043d\u0435\u0432\u0430\u0442\u044c\u0441\u044f&hellip;<\/p>","protected":false},"author":1,"featured_media":895,"parent":0,"menu_order":0,"comment_status":"closed","ping_status":"closed","template":"","meta":{"footnotes":""},"class_list":["post-748","page","type-page","status-publish","has-post-thumbnail","hentry"],"_links":{"self":[{"href":"https:\/\/stevas.ee\/et\/wp-json\/wp\/v2\/pages\/748","targetHints":{"allow":["GET"]}}],"collection":[{"href":"https:\/\/stevas.ee\/et\/wp-json\/wp\/v2\/pages"}],"about":[{"href":"https:\/\/stevas.ee\/et\/wp-json\/wp\/v2\/types\/page"}],"author":[{"embeddable":true,"href":"https:\/\/stevas.ee\/et\/wp-json\/wp\/v2\/users\/1"}],"replies":[{"embeddable":true,"href":"https:\/\/stevas.ee\/et\/wp-json\/wp\/v2\/comments?post=748"}],"version-history":[{"count":3,"href":"https:\/\/stevas.ee\/et\/wp-json\/wp\/v2\/pages\/748\/revisions"}],"predecessor-version":[{"id":783,"href":"https:\/\/stevas.ee\/et\/wp-json\/wp\/v2\/pages\/748\/revisions\/783"}],"wp:featuredmedia":[{"embeddable":true,"href":"https:\/\/stevas.ee\/et\/wp-json\/wp\/v2\/media\/895"}],"wp:attachment":[{"href":"https:\/\/stevas.ee\/et\/wp-json\/wp\/v2\/media?parent=748"}],"curies":[{"name":"wp","href":"https:\/\/api.w.org\/{rel}","templated":true}]}}