{"id":422,"date":"2019-04-19T07:11:47","date_gmt":"2019-04-19T04:11:47","guid":{"rendered":"http:\/\/demo.sparklewpthemes.com\/constructionlight\/?page_id=422"},"modified":"2023-01-22T14:13:13","modified_gmt":"2023-01-22T12:13:13","slug":"veevarustus","status":"publish","type":"page","link":"https:\/\/stevas.ee\/et\/veevarustus\/","title":{"rendered":"VEEVARUSTUS JA KANALISATSIOON"},"content":{"rendered":"<p>Veevarustuss\u00fcsteem \u2013 see on rajatiste kompleks, mis teostavad vee puhastamist ning toimetavad seda elanikele. P\u00f5hiklassifikatsioon \u2013 vastavalt kasutuskohale. Tegemist v\u00f5ib olla n\u00e4iteks linna, p\u00f5llumajanduse, asula jne veevarustusega. T\u00e4nu sellele saate te iga p\u00e4ev kasutada puhastatud ja joomiseks k\u00f5lblikku vett.<\/p>\n\n\n\n<p>Kanalisatsioonis\u00fcsteem \u2013 see on rajatis juba kasutatud vedeliku \u00e4raviimiseks v\u00e4ljaspool hoonet. Selle edukalt teostatud t\u00f6\u00f6 v\u00f5imaldab vabaneda kasutatud veest, mis ei sobi enam inimesele kasutamiseks. S\u00fcsteem kujutab endast mitmest torust koosnevat konstruktsiooni \u2013 nn kanalisatsiooniv\u00f5rk.<\/p>\n\n\n\n<p>Miks on vaja renoveerida kanalisatsiooni- ja veevarustuss\u00fcsteeme? Varem v\u00f5i hiljem halvenevad selle kasutusomadused. Vee puhastamine muutub \u00fclimalt raskeks ja ebakvaliteetseks, kanalisatsiooni rajatised ei suuda enam hakkama saada endiste vee mahtudega ja l\u00e4hevad umbe. K\u00f5ik see m\u00f5jutab negatiivselt elanike mugavust ja tervist. Sellisel juhul v\u00f5imaldab just renoveerimine \u2013 \u00f5igeaegne sekkumine ja defektide k\u00f5rvaldamine \u2013 lahendada seda probleemi.<\/p>\n\n\n\n<h2 class=\"wp-block-heading\">Kanalisatsiooni ja veevarustuss\u00fcsteemide rajamise etapid<\/h2>\n\n\n\n<p><strong>Ettev\u00f5tte spetsialistid teostavad s\u00fcsteemide monteerimist mitmeetapiliselt.<\/strong>J\u00e4rk-j\u00e4rguline protsess on efektiivsem ja v\u00f5imaldab viia praaki riski praktiliselt nullini.<\/p>\n\n\n\n<p>Nagu ka iga ehitust\u00f6\u00f6 puhul algab ka kanalisatsiooni- ja veevarustuss\u00fcsteemi rajamine plaani koostamisest. Selle koostamisel tuginevad ettev\u00f5tte t\u00f6\u00f6tajad ehitise ise\u00e4rasustele ja omanike soovidele. Samuti arvestatakse k\u00f5ikide ohutusn\u00f5uetega.<\/p>\n\n\n\n<p>Peale plaani kinnitamist j\u00e4rgneb ettevalmistusstaadium. Sellel etapil valmistatakse hoonet s\u00fcsteemide monteerimiseks, viimast korda enne monteerimise juurde asumist kontrollitakse graafikute ja skeemide ideaalset t\u00e4psust.<\/p>\n\n\n\n<p>Edasi \u2013 asutakse vahetult ehitust\u00f6\u00f6de juurde.&nbsp;<strong>Sellele etapile lubatakse vaid k\u00f5rgkvalifitseeritud ja suure t\u00f6\u00f6kogemusega t\u00f6\u00f6tajaid.<\/strong><\/p>\n\n\n\n<p>L\u00f5ppetapp \u2013 konstruktsiooni eksperthinnang selle t\u00f6\u00f6v\u00f5imelisuse ja igasuguste defektide puudumise kontrollimiseks. Te ei pea \u00fcldse kahtlema s\u00fcsteemide vastupidavuses ja ohutuses. Te saate neid ekspluateerida kaugeltki mitte \u00fchte aastat.<\/p>\n\n\n\n<p>Kanalisatsiooni- ja veevarustuss\u00fcsteemide renoveerimine Tallinnas toimub umbes sarnase p\u00f5him\u00f5tte j\u00e4rgi.<\/p>","protected":false},"excerpt":{"rendered":"<p>\u0421\u0438\u0441\u0442\u0435\u043c\u0430 \u0432\u043e\u0434\u043e\u0441\u043d\u0430\u0431\u0436\u0435\u043d\u0438\u044f \u2013 \u044d\u0442\u043e \u043a\u043e\u043c\u043f\u043b\u0435\u043a\u0441 \u0441\u043e\u043e\u0440\u0443\u0436\u0435\u043d\u0438\u0439, \u043a\u043e\u0442\u043e\u0440\u044b\u0435 \u043f\u0440\u043e\u0438\u0437\u0432\u043e\u0434\u044f\u0442 \u043e\u0447\u0438\u0441\u0442\u043a\u0443 \u0438 \u043f\u043e\u0441\u0442\u0430\u0432\u043a\u0443 \u0432\u043e\u0434\u044b \u0436\u0438\u043b\u044c\u0446\u0430\u043c. \u041e\u0441\u043d\u043e\u0432\u043d\u0430\u044f \u043a\u043b\u0430\u0441\u0441\u0438\u0444\u0438\u043a\u0430\u0446\u0438\u044f \u2013 \u043f\u043e \u043c\u0435\u0441\u0442\u0443 \u0438\u0441\u043f\u043e\u043b\u044c\u0437\u043e\u0432\u0430\u043d\u0438\u044f. \u0412\u043e\u0434\u043e\u0441\u043d\u0430\u0431\u0436\u0435\u043d\u0438\u0435 \u043c\u043e\u0436\u0435\u0442 \u0431\u044b\u0442\u044c \u0433\u043e\u0440\u043e\u0434\u0441\u043a\u0438\u043c, \u0441\u0435\u043b\u044c\u0441\u043a\u043e\u0445\u043e\u0437\u044f\u0439\u0441\u0442\u0432\u0435\u043d\u043d\u044b\u043c, \u043f\u043e\u0441\u0435\u043b\u043a\u043e\u0432\u044b\u043c&hellip;<\/p>","protected":false},"author":1,"featured_media":899,"parent":0,"menu_order":0,"comment_status":"closed","ping_status":"closed","template":"","meta":{"footnotes":""},"class_list":["post-422","page","type-page","status-publish","has-post-thumbnail","hentry"],"_links":{"self":[{"href":"https:\/\/stevas.ee\/et\/wp-json\/wp\/v2\/pages\/422","targetHints":{"allow":["GET"]}}],"collection":[{"href":"https:\/\/stevas.ee\/et\/wp-json\/wp\/v2\/pages"}],"about":[{"href":"https:\/\/stevas.ee\/et\/wp-json\/wp\/v2\/types\/page"}],"author":[{"embeddable":true,"href":"https:\/\/stevas.ee\/et\/wp-json\/wp\/v2\/users\/1"}],"replies":[{"embeddable":true,"href":"https:\/\/stevas.ee\/et\/wp-json\/wp\/v2\/comments?post=422"}],"version-history":[{"count":5,"href":"https:\/\/stevas.ee\/et\/wp-json\/wp\/v2\/pages\/422\/revisions"}],"predecessor-version":[{"id":893,"href":"https:\/\/stevas.ee\/et\/wp-json\/wp\/v2\/pages\/422\/revisions\/893"}],"wp:featuredmedia":[{"embeddable":true,"href":"https:\/\/stevas.ee\/et\/wp-json\/wp\/v2\/media\/899"}],"wp:attachment":[{"href":"https:\/\/stevas.ee\/et\/wp-json\/wp\/v2\/media?parent=422"}],"curies":[{"name":"wp","href":"https:\/\/api.w.org\/{rel}","templated":true}]}}