{"id":412,"date":"2019-04-19T06:56:49","date_gmt":"2019-04-19T03:56:49","guid":{"rendered":"http:\/\/demo.sparklewpthemes.com\/constructionlight\/?page_id=412"},"modified":"2023-01-22T23:11:10","modified_gmt":"2023-01-22T21:11:10","slug":"toruabi","status":"publish","type":"page","link":"https:\/\/stevas.ee\/et\/toruabi\/","title":{"rendered":"TORUABI 24H"},"content":{"rendered":"<p>V\u00e4hemalt \u00fche korra elus vajab toruabi iga inimene, seda eriti t\u00e4nap\u00e4eval, kui \u00fclikiire tehnoloogiate areng n\u00f5uab kvalifitseeritud l\u00e4henemist. Vananenud tehnika vahetamine  ning uue tehnika paigaldamine vajab mitte ainult teatud teadmisi ja oskusi, vaid ka spetsiaalseid t\u00f6\u00f6riistu ja kulumaterjale, mida igas majas ei leidu.<\/p>\n\n\n\n<p>Sanitaartehnikud ei ole Tallinnas haruldus: selle ametiga tegeleb sadu inimesi, kuid kaugeltki mitte iga\u00fcks neist on valmis andma teile kvaliteedi garantiid nende teenuste \u00fcsna v\u00e4ikese maksumuse t\u00f5ttu. On t\u00f5esti kahju, et paljud elanikud, olles meelitatud eriti soodsate hindadega, j\u00e4\u00e4vad l\u00f5ppkokkuv\u00f5ttes kaotusseisu ning maksavad palju rohkemgi peale teiste inimeste hoolimatuse ja diletantlikkuse t\u00f5ttu. Selleks, et olla 100% kindel, et sanitaartehniku koju kutsumine ei osutu teie jaoks rahaliseks kaotuseks, tuleb veenduda, et olete p\u00f6\u00f6rdunud usaldusv\u00e4\u00e4rsesse ja sellel alal professionaalselt tegelevasse ettev\u00f5ttesse.<\/p>\n\n\n\n<p>Siin saate te lisaks sanitaartehnilisele abile ka n\u00f5uandeid, kuidas hooldada kommunikatsioone, et v\u00e4ltida erakorralisi olukordi. K\u00f5ikidele teostatud t\u00f6\u00f6dele antakse teile vastavate dokumentidega kinnitatud garantiid. Juhul, kui samasugune rike tekib taas, siis selle k\u00f5rvaldamine hakkab olema teie jaoks tasuta.<\/p>\n\n\n\n<p>Ettev\u00f5tte Densan eeliseks on see, et ta osutab toruabi 24 tundi \u00f6\u00f6p\u00e4evas. Igal kellaajal teostame me j\u00e4rgmisi sanitaartehniliste t\u00f6\u00f6de liike:<\/p>\n\n\n\n<ul class=\"wp-block-list\">\n<li>veetorustiku s\u00fcsteemi paigaldamist, demonteerimist, remonti;<\/li>\n\n\n\n<li>k\u00fcttes\u00fcsteemi paigaldamist, demonteerimist, remonti;<\/li>\n\n\n\n<li>kanalisatsiooni s\u00fcsteemi paigaldamist, demonteerimist, remonti;<\/li>\n\n\n\n<li>pesumasina, n\u00f5udepesumasina ja boileri paigaldamist ja veetorustikuga \u00fchendamist;<\/li>\n\n\n\n<li>sanitaartehnika, vanni, mullivanni, du\u0161ikabiini paigaldamist;<\/li>\n\n\n\n<li>sifooni, segisti ja muu sanitaartehnika vahetust;<\/li>\n\n\n\n<li>Torudes, WC-pottides ja kraanikaussides iga raskusastmega ummistuste likvideerimist;<\/li>\n\n\n\n<li>K\u00fcttes\u00fcsteemi torude laiali viimist;<\/li>\n\n\n\n<li>Muid t\u00f6id.<\/li>\n<\/ul>\n\n\n\n<p>Santehniku kutsumine \u2013 see pole ilmtingimata kallis protseduur. Ettev\u00f5tte Densan poolt pakutavad hinnad on j\u00f5ukohased iga\u00fchele. V\u00f5tke meiega \u00fchendust veebilehel n\u00e4idatud telefoninumbril ning me n\u00f5ustame teid teenuse maksumuse k\u00fcsimustes. Kui teil on tekkinud erakorraline olukord, siis s\u00f5idame teie poole v\u00e4lja 4 minuti jooksul alates v\u00e4ljakutse k\u00f5ne saamisest. <\/p>","protected":false},"excerpt":{"rendered":"<p>\u0425\u043e\u0442\u044f \u0431\u044b \u0440\u0430\u0437 \u0432 \u0436\u0438\u0437\u043d\u0438 \u043f\u043e\u043c\u043e\u0449\u044c \u0441\u0430\u043d\u0442\u0435\u0445\u043d\u0438\u043a\u0430 \u0442\u0440\u0435\u0431\u0443\u0435\u0442\u0441\u044f \u043a\u0430\u0436\u0434\u043e\u043c\u0443 \u0447\u0435\u043b\u043e\u0432\u0435\u043a\u0443, \u043e\u0441\u043e\u0431\u0435\u043d\u043d\u043e \u0441\u0435\u0433\u043e\u0434\u043d\u044f, \u043a\u043e\u0433\u0434\u0430 \u0447\u0440\u0435\u0437\u0432\u044b\u0447\u0430\u0439\u043d\u043e \u0431\u044b\u0441\u0442\u0440\u043e\u0435 \u0440\u0430\u0437\u0432\u0438\u0442\u0438\u0435 \u0442\u0435\u0445\u043d\u043e\u043b\u043e\u0433\u0438\u0439 \u0442\u0440\u0435\u0431\u0443\u0435\u0442 \u043a\u0432\u0430\u043b\u0438\u0444\u0438\u0446\u0438\u0440\u043e\u0432\u0430\u043d\u043d\u043e\u0433\u043e \u043f\u043e\u0434\u0445\u043e\u0434\u0430. \u0417\u0430\u043c\u0435\u043d\u0430 \u0443\u0441\u0442\u0430\u0440\u0435\u0432\u0448\u0435\u0433\u043e \u043e\u0431\u043e\u0440\u0443\u0434\u043e\u0432\u0430\u043d\u0438\u044f \u0438 \u0443\u0441\u0442\u0430\u043d\u043e\u0432\u043a\u0430&hellip;<\/p>","protected":false},"author":1,"featured_media":999,"parent":0,"menu_order":0,"comment_status":"closed","ping_status":"closed","template":"","meta":{"footnotes":""},"class_list":["post-412","page","type-page","status-publish","has-post-thumbnail","hentry"],"_links":{"self":[{"href":"https:\/\/stevas.ee\/et\/wp-json\/wp\/v2\/pages\/412","targetHints":{"allow":["GET"]}}],"collection":[{"href":"https:\/\/stevas.ee\/et\/wp-json\/wp\/v2\/pages"}],"about":[{"href":"https:\/\/stevas.ee\/et\/wp-json\/wp\/v2\/types\/page"}],"author":[{"embeddable":true,"href":"https:\/\/stevas.ee\/et\/wp-json\/wp\/v2\/users\/1"}],"replies":[{"embeddable":true,"href":"https:\/\/stevas.ee\/et\/wp-json\/wp\/v2\/comments?post=412"}],"version-history":[{"count":6,"href":"https:\/\/stevas.ee\/et\/wp-json\/wp\/v2\/pages\/412\/revisions"}],"predecessor-version":[{"id":981,"href":"https:\/\/stevas.ee\/et\/wp-json\/wp\/v2\/pages\/412\/revisions\/981"}],"wp:featuredmedia":[{"embeddable":true,"href":"https:\/\/stevas.ee\/et\/wp-json\/wp\/v2\/media\/999"}],"wp:attachment":[{"href":"https:\/\/stevas.ee\/et\/wp-json\/wp\/v2\/media?parent=412"}],"curies":[{"name":"wp","href":"https:\/\/api.w.org\/{rel}","templated":true}]}}