{"id":126,"date":"2018-02-27T07:51:08","date_gmt":"2018-02-27T05:51:08","guid":{"rendered":"http:\/\/offshorethemes.com\/demo\/sparkconstruction\/?page_id=126"},"modified":"2023-01-22T14:12:27","modified_gmt":"2023-01-22T12:12:27","slug":"ummistuste-likvideerimine","status":"publish","type":"page","link":"https:\/\/stevas.ee\/et\/ummistuste-likvideerimine\/","title":{"rendered":"UMMISTUSTE LIKVIDEERIMINE"},"content":{"rendered":"<p>Kanalisatsiooni- v\u00f5i veetorude ummistus \u2013 suur probleem korterite ja eramajade omanike jaoks. Ebameeldivad l\u00f5hnad, veeandmise peatamise vajadus, liigsed majapidamismured viivad inimesi tihtipeale harjumusp\u00e4rasest t\u00f6\u00f6r\u00fctmist v\u00e4lja. Selleks, et seda k\u00f5ike ei juhtuks tuleb v\u00f5imalikult varakult p\u00f6\u00f6rduda spetsialistide poole.<\/p>\n\n\n\n<p>Kogenud, vastavate sertifikaatide ja haridusega ettev\u00f5tte torulukksepad t\u00f6\u00f6tavad kiiresti ja kvaliteetselt.<\/p>\n\n\n\n<p>Ummistuste peamised p\u00f5hjused:<\/p>\n\n\n\n<ul class=\"wp-block-list\">\n<li>Intensiivne vee tarbimine.<\/li>\n\n\n\n<li>Tugevasti reostatud heitveed.<\/li>\n\n\n\n<li>Hooletud \u00fc\u00fcrnikud.<\/li>\n<\/ul>\n\n\n\n<p>K\u00f5ik me ju teame, et ei tohi visata kraanikaussi, vanni v\u00f5i wc-potti igasuguseid olmej\u00e4\u00e4tmeid, lahustamatuid aineid ja materjale, toiduj\u00e4\u00e4ke.<\/p>\n\n\n\n<h2 class=\"wp-block-heading\">Peamised ennetusmeetmed ummistuste kiireks likvideerimiseks<\/h2>\n\n\n\n<ul class=\"wp-block-list\">\n<li>Filtreerivate restide v\u00f5i v\u00f5rkude kasutamine olmeseadmete \u00fclevooluavades.<\/li>\n\n\n\n<li>Keemiliste v\u00f5i orgaaniliste sanitaartehnika ja kanalisatsioonitorude hooldusvahendite kasutamine.<\/li>\n\n\n\n<li>Kontrollida, et kanalisatsiooni ei satuks puu- ja juurviljade koored, samuti pakendid ega lapid.<\/li>\n\n\n\n<li>Veetorustik peab olema \u00f5igesti monteeritud, \u00e4ravoolu- ja v\u00e4listorud peavad olema kvaliteetselt soojustatud.<\/li>\n<\/ul>\n\n\n\n<p>V\u00e4iksemate ummistustega aitavad saada hakkama keemilised olmevahendid, mis desinfitseerivad ja likvideerivad v\u00e4iksemaid ummistusi. Veetorudes tekkivate ummistuste likvideerimiseks on aga sageli vaja spetsiaalset tehnikat, t\u00f6\u00f6riistu ja oskusi. Mida teha, kui ummistust tekitanud pr\u00fcgi kogunemiskohani pole v\u00f5imalik kuidagi ulatuda? V\u00f5ib kasutada sanitaartehnilist trossi, kuid keegi ei saa garanteerida, et te suudate probleemiga ise hakkama saada, isegi juhul, kui tegemist pole eriti raske ummistusega. Tihtipeale v\u00f5ib kogemuseta inimene kahjustada trossi keeramisel toru ennast.<\/p>\n\n\n\n<p>Toru on l\u00e4inud umbe, mida teha? Kui te n\u00e4ete, et vesi on hakkanud du\u0161ikabiinis, vannis v\u00f5i wc-potis tavap\u00e4rasest aeglasemalt \u00e4ra voolama, ebameeldiv l\u00f5hn s\u00e4ilib pikemat aega, vesi koguneb ning ei voola \u00e4ra \u2013 helistage siis meile ja me teostame veetorude mehaanilist, keemilist v\u00f5i bioloogilist puhastust.<\/p>\n\n\n\n<p><strong>T\u00e4helepanu!<\/strong><\/p>\n\n\n\n<p>\u00c4rge rakendage rahvaretsepte soolhape v\u00f5i teiste keemiliste ainete kasutamisega, mis ei ole m\u00f5eldud kanalisatsioonitorude puhastamiseks. Pidage meeles, et hoides kokku meistri teenuste pealt, v\u00f5ib juhtuda, et tulevikus tuleb teil v\u00e4lja k\u00e4ia kordades suuremat rahasummat.<\/p>","protected":false},"excerpt":{"rendered":"<p>\u0417\u0430\u0441\u043e\u0440\u044b \u0432\u043e\u0434\u043e\u043f\u0440\u043e\u0432\u043e\u0434\u043d\u044b\u0445 \u0438\u043b\u0438 \u043a\u0430\u043d\u0430\u043b\u0438\u0437\u0430\u0446\u0438\u043e\u043d\u043d\u044b\u0445 \u0442\u0440\u0443\u0431 \u2014 \u0431\u043e\u043b\u044c\u0448\u0430\u044f \u043f\u0440\u043e\u0431\u043b\u0435\u043c\u0430 \u0434\u043b\u044f \u0445\u043e\u0437\u044f\u0435\u0432 \u043a\u0432\u0430\u0440\u0442\u0438\u0440, \u0447\u0430\u0441\u0442\u043d\u044b\u0445 \u0434\u043e\u043c\u043e\u0432\u043b\u0430\u0434\u0435\u043d\u0438\u0439. \u041d\u0435\u043f\u0440\u0438\u044f\u0442\u043d\u044b\u0435 \u0437\u0430\u043f\u0430\u0445\u0438, \u043d\u0435\u043e\u0431\u0445\u043e\u0434\u0438\u043c\u043e\u0441\u0442\u044c \u043f\u0435\u0440\u0435\u043a\u0440\u044b\u0442\u0438\u044f \u043f\u043e\u0434\u0430\u0447\u0438 \u0432\u043e\u0434\u044b, \u043b\u0438\u0448\u043d\u0438\u0435 \u0445\u043b\u043e\u043f\u043e\u0442\u044b \u0447\u0430\u0441\u0442\u043e \u0432\u044b\u0431\u0438\u0432\u0430\u044e\u0442 \u0438\u0437 \u0440\u0430\u0431\u043e\u0447\u0435\u0433\u043e&hellip;<\/p>","protected":false},"author":1,"featured_media":903,"parent":0,"menu_order":0,"comment_status":"closed","ping_status":"closed","template":"","meta":{"footnotes":""},"class_list":["post-126","page","type-page","status-publish","has-post-thumbnail","hentry"],"_links":{"self":[{"href":"https:\/\/stevas.ee\/et\/wp-json\/wp\/v2\/pages\/126","targetHints":{"allow":["GET"]}}],"collection":[{"href":"https:\/\/stevas.ee\/et\/wp-json\/wp\/v2\/pages"}],"about":[{"href":"https:\/\/stevas.ee\/et\/wp-json\/wp\/v2\/types\/page"}],"author":[{"embeddable":true,"href":"https:\/\/stevas.ee\/et\/wp-json\/wp\/v2\/users\/1"}],"replies":[{"embeddable":true,"href":"https:\/\/stevas.ee\/et\/wp-json\/wp\/v2\/comments?post=126"}],"version-history":[{"count":2,"href":"https:\/\/stevas.ee\/et\/wp-json\/wp\/v2\/pages\/126\/revisions"}],"predecessor-version":[{"id":776,"href":"https:\/\/stevas.ee\/et\/wp-json\/wp\/v2\/pages\/126\/revisions\/776"}],"wp:featuredmedia":[{"embeddable":true,"href":"https:\/\/stevas.ee\/et\/wp-json\/wp\/v2\/media\/903"}],"wp:attachment":[{"href":"https:\/\/stevas.ee\/et\/wp-json\/wp\/v2\/media?parent=126"}],"curies":[{"name":"wp","href":"https:\/\/api.w.org\/{rel}","templated":true}]}}