{"id":1085,"date":"2023-01-31T15:31:23","date_gmt":"2023-01-31T13:31:23","guid":{"rendered":"https:\/\/stevas.ee\/?page_id=1085"},"modified":"2026-01-07T16:18:07","modified_gmt":"2026-01-07T14:18:07","slug":"hinnad","status":"publish","type":"page","link":"https:\/\/stevas.ee\/et\/hinnad\/","title":{"rendered":"HINNAD"},"content":{"rendered":"<h4 class=\"wp-block-heading\">( 2026 )<\/h4>\n\n\n\n<div class=\"wp-block-columns is-layout-flex wp-container-core-columns-is-layout-28f84493 wp-block-columns-is-layout-flex\">\n<div class=\"wp-block-column is-layout-flow wp-block-column-is-layout-flow\" style=\"flex-basis:100%\">\n<div class=\"wp-block-group is-layout-constrained wp-block-group-is-layout-constrained\">\n<figure class=\"wp-block-table\"><table><tbody><tr><td><strong>\u2116<\/strong><\/td><td><strong>T\u00f6\u00f6 nimetus\/&nbsp;<\/strong><strong>\u041d\u0430\u0438\u043c\u0435\u043d\u043e\u0432\u0430\u043d\u0438\u0435 \u0440\u0430\u0431\u043e\u0442<\/strong><\/td><td><strong>Hind\/&nbsp;\u0426\u0435\u043d\u0430<\/strong> <strong>+ KM<\/strong><\/td><td><strong>&nbsp;<\/strong><\/td><\/tr><tr><td><\/td><td>Transport \/ \u0422\u0440\u0430\u043d\u0441\u043f\u043e\u0440\u0442<\/td><td>0.60<\/td><td>1km<\/td><\/tr><tr><td>A<\/td><td><strong>Santehnilised t\u00f6\u00f6d\/<\/strong><strong>\u0421\u0430\u043d\u0442\u0435\u0445\u043d\u0438\u0447\u0435\u0441\u043a\u0438\u0435 \u0440\u0430\u0431\u043e\u0442\u044b<\/strong><\/td><\/tr><tr><td><\/td><td><\/td><td><\/td><td><\/td><\/tr><tr><td>1<\/td><td>WC potti demontaaz<\/td><td>20.00<\/td><td>Tk.<\/td><\/tr><tr><td>&nbsp;<\/td><td>\u0414\u0435\u043c\u043e\u043d\u0442\u0430\u0436 \u0443\u043d\u0438\u0442\u0430\u0437\u0430<\/td><td>20.00<\/td><td>\u0428\u0442.<\/td><\/tr><tr><td>&nbsp;<\/td><td>&nbsp;<\/td><td>&nbsp;<\/td><td>&nbsp;<\/td><\/tr><tr><td>2<\/td><td>WC-potti paigaldus<\/td><td>60.00<\/td><td>Tk.<\/td><\/tr><tr><td>&nbsp;<\/td><td>\u041c\u043e\u043d\u0442\u0430\u0436 \u0443\u043d\u0438\u0442\u0430\u0437\u0430<\/td><td>60.00<\/td><td>\u0428\u0442.<\/td><\/tr><tr><td>&nbsp;<\/td><td>&nbsp;<\/td><td>&nbsp;<\/td><td>&nbsp;<\/td><\/tr><tr><td>3<\/td><td>WC raami paigaldus<\/td><td>100.00 &#8212; 150.00<\/td><td>Tk.<\/td><\/tr><tr><td>&nbsp;<\/td><td>\u0423\u0441\u0442\u0430\u043d\u043e\u0432\u043a\u0430 \u0440\u0430\u043c\u044b \u0443\u043d\u0438\u0442\u0430\u0437\u0430<\/td><td>100.00 &#8212; 150.00<\/td><td>\u0428\u0442.<\/td><\/tr><tr><td>&nbsp;<\/td><td>&nbsp;<\/td><td>&nbsp;<\/td><td>&nbsp;<\/td><\/tr><tr><td>4<\/td><td>WC valu paigaldus<\/td><td>70.00<\/td><td>Tk<\/td><\/tr><tr><td>&nbsp;<\/td><td>\u0423\u0441\u0442\u0430\u043d\u043e\u0432\u043a\u0430 \u0443\u043d\u0438\u0442\u0430\u0437\u0430 \u043d\u0430 \u0440\u0430\u043c\u0443<\/td><td>70.00<\/td><td>\u0428\u0442.<\/td><\/tr><tr><td>&nbsp;<\/td><td>&nbsp;<\/td><td>&nbsp;<\/td><td>&nbsp;<\/td><\/tr><tr><td>5<\/td><td>Vanni segisti paigaldus<\/td><td>35.00<\/td><td>Tk.<\/td><\/tr><tr><td>&nbsp;<\/td><td>\u0423\u0441\u0442\u0430\u043d\u043e\u0432\u043a\u0430 \u0441\u043c\u0435\u0441\u0438\u0442\u0435\u043b\u044f \u0432\u0430\u043d\u043d\u044b<\/td><td>35.00<\/td><td>\u0428\u0442.<\/td><\/tr><tr><td>&nbsp;<\/td><td>&nbsp;<\/td><td>&nbsp;<\/td><td>&nbsp;<\/td><\/tr><tr><td>6<\/td><td>Valamu segisti paigaldus<\/td><td>35.00<\/td><td>Tk.<\/td><\/tr><tr><td>&nbsp;<\/td><td>\u0423\u0441\u0442\u0430\u043d\u043e\u0432\u043a\u0430 \u0441\u043c\u0435\u0441\u0438\u0442\u0435\u043b\u044f \u0440\u0430\u043a\u043e\u0432\u0438\u043d\u044b<\/td><td>35.00<\/td><td>\u0428\u0442.<\/td><\/tr><tr><td>&nbsp;<\/td><td>&nbsp;<\/td><td>&nbsp;<\/td><td>&nbsp;<\/td><\/tr><tr><td>7<\/td><td>Vanni demontaaz<\/td><td>35.00 (lihtvannid) 65.00 (terasvannid)<\/td><td>Tk.<\/td><\/tr><tr><td>&nbsp;<\/td><td>\u0414\u0435\u043c\u043e\u043d\u0442\u0430\u0436 \u0432\u0430\u043d\u043d\u044b<\/td><td>35.00 (lihtvannid) 65.00 (terasvannid)<\/td><td>\u0428\u0442.<\/td><\/tr><tr><td>&nbsp;<\/td><td>&nbsp;<\/td><td>&nbsp;<\/td><td>&nbsp;<\/td><\/tr><tr><td>8<\/td><td>Vanni paigaldus<\/td><td>110.00<\/td><td>Tk.<\/td><\/tr><tr><td>&nbsp;<\/td><td>\u0423\u0441\u0442\u0430\u043d\u043e\u0432\u043a\u0430 \u0432\u0430\u043d\u043d\u044b<\/td><td>110.00<\/td><td>\u0428\u0442.<\/td><\/tr><tr><td>&nbsp;<\/td><td>&nbsp;<\/td><td>&nbsp;<\/td><td>&nbsp;<\/td><\/tr><tr><td>9<\/td><td>Du\u0161ikabiini paigaldus<\/td><td>150.00 &#8212; 250.00<\/td><td>Tk.<\/td><\/tr><tr><td>&nbsp;<\/td><td>\u0423\u0441\u0442\u0430\u043d\u043e\u0432\u043a\u0430 \u0434\u0443\u0448\u0435\u0432\u043e\u0439 \u043a\u0430\u0431\u0438\u043d\u044b<\/td><td>150.00 &#8212; 250.00<\/td><td>\u0428\u0442.<\/td><\/tr><tr><td>&nbsp;<\/td><td>&nbsp;<\/td><td>&nbsp;<\/td><td>&nbsp;<\/td><\/tr><tr><td>10<\/td><td>\u00dcheosaline k\u00f6\u00f6givalamu + segisti paigaldus<\/td><td>65.00<\/td><td>Tk.<\/td><\/tr><tr><td>&nbsp;<\/td><td>\u0423\u0441\u0442\u0430\u043d\u043e\u0432\u043a\u0430 \u0440\u0430\u043a\u043e\u0432\u0438\u043d\u044b \u0441\u043e \u0441\u043c\u0435\u0441\u0438\u0442\u0435\u043b\u0435\u043c<\/td><td>65.00<\/td><td>\u0428\u0442.<\/td><\/tr><tr><td>&nbsp;<\/td><td>&nbsp;<\/td><td>&nbsp;<\/td><td>&nbsp;<\/td><\/tr><tr><td>11<\/td><td>Kaheosaline valamu + segisti paigaldus<\/td><td>85.00<\/td><td>Tk.<\/td><\/tr><tr><td>&nbsp;<\/td><td>\u0423\u0441\u0442\u0430\u043d\u043e\u0432\u043a\u0430 \u0434\u0432\u043e\u0439\u043d\u043e\u0439 \u0440\u0430\u043a\u043e\u0432\u0438\u043d\u044b \u0441\u043e \u0441\u043c\u0435\u0441\u0438\u0442\u0435\u043b\u0435\u043c<\/td><td>85.00<\/td><td>\u0428\u0442.<\/td><\/tr><tr><td>&nbsp;<\/td><td>&nbsp;<\/td><td>&nbsp;<\/td><td>&nbsp;<\/td><\/tr><tr><td>12<\/td><td>Veep\u00fcstaku demontaaz ja paigaldus<\/td><td>70.00<\/td><td>J.m<\/td><\/tr><tr><td>&nbsp;<\/td><td>\u0417\u0430\u043c\u0435\u043d\u0430 \u0432\u043e\u0434\u044f\u043d\u043e\u0433\u043e \u0441\u0442\u043e\u044f\u043a\u0430<\/td><td>70.00<\/td><td>\u043f\/\u043c<\/td><\/tr><tr><td>&nbsp;<\/td><td>&nbsp;<\/td><td>&nbsp;<\/td><td>&nbsp;<\/td><\/tr><tr><td>13<\/td><td>Kanali p\u00fcstaku demontaaz ja paigaldus<\/td><td>110.00<\/td><td>J.m<\/td><\/tr><tr><td>&nbsp;<\/td><td>\u0417\u0430\u043c\u0435\u043d\u0430 \u0441\u0442\u043e\u044f\u043a\u0430 \u043a\u0430\u043d\u0430\u043b\u0438\u0437\u0430\u0446\u0438\u0438<\/td><td>110.00<\/td><td>\u043f\/\u043c<\/td><\/tr><tr><td>&nbsp;<\/td><td>&nbsp;<\/td><td>&nbsp;<\/td><td>&nbsp;<\/td><\/tr><tr><td>14<\/td><td>K\u00e4tterattikukuivati paigaldus<\/td><td>140.00<\/td><td>&nbsp;<\/td><\/tr><tr><td>&nbsp;<\/td><td>\u0423\u0441\u0442\u0430\u043d\u043e\u0432\u043a\u0430 \u0437\u043c\u0435\u0435\u0432\u0438\u043a\u0430<\/td><td>140.00<\/td><td>&nbsp;<\/td><\/tr><tr><td>&nbsp;<\/td><td>&nbsp;<\/td><td>&nbsp;<\/td><td>&nbsp;<\/td><\/tr><tr><td>15<\/td><td>Pesumasina paigaldus<\/td><td>45.00<\/td><td>Tk.<\/td><\/tr><tr><td>&nbsp;<\/td><td>\u0423\u0441\u0442\u0430\u043d\u043e\u0432\u043a\u0430 \u0441\u0442\u0438\u0440\u0430\u043b\u044c\u043d\u043e\u0439 \u043c\u0430\u0448\u0438\u043d\u044b<\/td><td>45.00<\/td><td>\u0428\u0442.<\/td><\/tr><tr><td>&nbsp;<\/td><td>&nbsp;<\/td><td>&nbsp;<\/td><td>&nbsp;<\/td><\/tr><tr><td>16<\/td><td>Komplekt vee ja kanali torustiku vahetus majas<\/td><td>Alates 4000.00<\/td><td>Kompl.<\/td><\/tr><tr><td>&nbsp;<\/td><td>\u0417\u0430\u043c\u0435\u043d\u0430 \u0432\u043e\u0434\u0430\/ \u043a\u0430\u043d\u0430\u043b\u0438\u0437\u0430\u0446\u0438\u044f \u0432 \u0434\u043e\u043c\u0435<\/td><td>\u041e\u0442 4000.00<\/td><td>\u041a\u043e\u043c\u043f\u043b.<\/td><\/tr><tr><td>&nbsp;<\/td><td>&nbsp;<\/td><td>&nbsp;<\/td><td>&nbsp;<\/td><\/tr><tr><td>17<\/td><td>Soojas\u00f5lme hooldus<\/td><td>45.00<\/td><td>h<\/td><\/tr><tr><td>&nbsp;<\/td><td>\u041e\u0431\u0441\u043b\u0443\u0436\u0438\u0432\u0430\u043d\u0438\u0435 \u0442\u0435\u043f\u043b\u043e\u0443\u0437\u043b\u0430<\/td><td>45.00<\/td><td>\u0447\u0430\u0441<\/td><\/tr><tr><td>&nbsp;<\/td><td>&nbsp;<\/td><td>&nbsp;<\/td><td>&nbsp;<\/td><\/tr><tr><td>18<\/td><td>Veem\u00f5\u00f5tja vahetus<\/td><td>25.00<\/td><td>Tk.<\/td><\/tr><tr><td>&nbsp;<\/td><td>\u0417\u0430\u043c\u0435\u043d\u0430 \u0432\u043e\u0434\u043e\u043c\u0435\u0440\u0430<\/td><td>25.00<\/td><td>\u0428\u0442.<\/td><\/tr><tr><td>&nbsp;<\/td><td>&nbsp;<\/td><td>&nbsp;<\/td><td>&nbsp;<\/td><\/tr><tr><td>19<\/td><td>Veetorustiku survestamine (majasisene)<\/td><td>150.00<\/td><td>h<\/td><\/tr><tr><td>&nbsp;<\/td><td>\u041e\u043f\u0440\u0435\u0441\u0441\u043e\u0432\u043a\u0430 \u0442\u0440\u0443\u0431\u043e\u043f\u0440\u043e\u0432\u043e\u0434\u043e\u0432 (\u0432\u043d\u0443\u0442\u0440\u0438 \u0434\u043e\u043c\u0430)<\/td><td>150.00<\/td><td>\u0447\u0430\u0441<\/td><\/tr><tr><td>&nbsp;<\/td><td>&nbsp;<\/td><td>&nbsp;<\/td><td>&nbsp;<\/td><\/tr><tr><td>B<\/td><td><strong>Elektrit\u00f6\u00f6d\/<\/strong><strong>\u042d\u043b\u0435\u043a\u0442\u0440\u043e\u0440\u0430\u0431\u043e\u0442\u044b<\/strong><\/td><\/tr><tr><td>&nbsp;<\/td><td>&nbsp;<\/td><td>&nbsp;<\/td><td>&nbsp;<\/td><\/tr><tr><td>1<\/td><td>Kaabli paigaldus<\/td><td>1.50<\/td><td>j.m.<\/td><\/tr><tr><td>&nbsp;<\/td><td>\u0417\u0430\u043c\u0435\u043d\u0430 \u043a\u0430\u0431\u0435\u043b\u044f<\/td><td>1.50<\/td><td>\u043f\/\u043c<\/td><\/tr><tr><td>&nbsp;<\/td><td>&nbsp;<\/td><td>&nbsp;<\/td><td>&nbsp;<\/td><\/tr><tr><td>2<\/td><td>Harutoosi paigaldus<\/td><td>10.00<\/td><td>Tk.<\/td><\/tr><tr><td>&nbsp;<\/td><td>\u0423\u0441\u0442\u0430\u043d\u043e\u0432\u043a\u0430 \u043f\u043e\u0434\u0440\u0430\u0437\u0435\u0442\u043d\u0438\u043a\u0430<\/td><td>10.00<\/td><td>\u0428\u0442.<\/td><\/tr><tr><td>&nbsp;<\/td><td>&nbsp;<\/td><td>&nbsp;<\/td><td>&nbsp;<\/td><\/tr><tr><td>3<\/td><td>L\u00fclitite \/ pistikupesade paigaldus<\/td><td>20.00<\/td><td>Tk.<\/td><\/tr><tr><td>&nbsp;<\/td><td>\u0423\u0441\u0442\u0430\u043d\u043e\u0432\u043a\u0430 \u0432\u044b\u043a\u043b\u044e\u0447\u0430\u0442\u0435\u043b\u044f \/ \u0440\u043e\u0437\u0435\u0442\u043a\u0438<\/td><td>20.00<\/td><td>\u0428\u0442.<\/td><\/tr><tr><td>&nbsp;<\/td><td>&nbsp;<\/td><td>&nbsp;<\/td><td>&nbsp;<\/td><\/tr><tr><td>4<\/td><td>Valgustite paigaldus<\/td><td>30.00<\/td><td>Tk.<\/td><\/tr><tr><td>&nbsp;<\/td><td>\u0423\u0441\u0442\u0430\u043d\u043e\u0432\u043a\u0430 \u0441\u0432\u0435\u0442\u0438\u043b\u044c\u043d\u0438\u043a\u043e\u0432<\/td><td>30.00<\/td><td>\u0428\u0442.<\/td><\/tr><tr><td>&nbsp;<\/td><td>&nbsp;<\/td><td>&nbsp;<\/td><td>&nbsp;<\/td><\/tr><tr><td>5<\/td><td>Stroobimine<\/td><td>3.00<\/td><td>j.m<\/td><\/tr><tr><td>&nbsp;<\/td><td>\u0428\u0442\u0440\u043e\u0431\u043b\u0435\u043d\u0438\u0435<\/td><td>3.00<\/td><td>\u043f\/\u043c<\/td><\/tr><tr><td>&nbsp;<\/td><td>&nbsp;<\/td><td>&nbsp;<\/td><td>&nbsp;<\/td><\/tr><tr><td>6<\/td><td>Automaadi vahetus<\/td><td>25.00<\/td><td>Tk.<\/td><\/tr><tr><td>&nbsp;<\/td><td>\u0417\u0430\u043c\u0435\u043d\u0430 \u043f\u0440\u0435\u0434\u043e\u0445\u0440\u0430\u043d\u0438\u0442\u0435\u043b\u044f<\/td><td>25.00<\/td><td>\u0428\u0442.<\/td><\/tr><tr><td>&nbsp;<\/td><td>&nbsp;<\/td><td>&nbsp;<\/td><td>&nbsp;<\/td><\/tr><tr><td>7<\/td><td>Elektrikilbi paigaldamine<\/td><td>Kokkuleppel<\/td><td>&nbsp;<\/td><\/tr><tr><td>&nbsp;<\/td><td>\u0423\u0441\u0442\u0430\u043d\u043e\u0432\u043a\u0430 \u0438 \u0441\u0431\u043e\u0440\u043a\u0430 \u044d\u043b\u0435\u043a\u0442\u0440\u043e\u0449\u0438\u0442\u0430<\/td><td>\u041f\u043e \u0434\u043e\u0433\u043e\u0432\u043e\u0440\u0435\u043d\u043d\u043e\u0441\u0442\u0438<\/td><td>&nbsp;<\/td><\/tr><tr><td>&nbsp;<\/td><td>&nbsp;<\/td><td>&nbsp;<\/td><td>&nbsp;<\/td><\/tr><tr><td>8<\/td><td>Elektrilise r\u00e4tikukuivati paigaldus<\/td><td>70.00<\/td><td>Tk.<\/td><\/tr><tr><td>&nbsp;<\/td><td>\u0423\u0441\u0442\u0430\u043d\u043e\u0432\u043a\u0430 \u044d\u043b\u0435\u043a\u0442\u0440\u0438\u0447\u0435\u0441\u043a\u043e\u0433\u043e \u043f\u043e\u043b\u043e\u0442\u0435\u043d\u0446\u0435\u0441\u0443\u0448\u0438\u0442\u0435\u043b\u044f<\/td><td>70.00<\/td><td>\u0428\u0442.<\/td><\/tr><tr><td>&nbsp;<\/td><td>&nbsp;<\/td><td>&nbsp;<\/td><td>&nbsp;<\/td><\/tr><tr><td>9<\/td><td>Teenused<\/td><td>Kokkuleppel<\/td><td>&nbsp;<\/td><\/tr><tr><td>&nbsp;<\/td><td>\u041e\u0431\u0441\u043b\u0443\u0436\u0438\u0432\u0430\u043d\u0438\u0435 \u044d\u043b\u0435\u043a\u0442\u0440\u043e\u0441\u0438\u0441\u0442\u0435\u043c<\/td><td>\u041f\u043e \u0434\u043e\u0433\u043e\u0432\u043e\u0440\u0435\u043d\u043d\u043e\u0441\u0442\u0438<\/td><td>&nbsp;<\/td><\/tr><tr><td>&nbsp;<\/td><td>&nbsp;<\/td><td>&nbsp;<\/td><td>&nbsp;<\/td><\/tr><tr><td>10<\/td><td>Maanduse paigladus (korteris, t\u00f6\u00f6stushoones)<\/td><td>Alates 250.00<\/td><td>Tk.<\/td><\/tr><tr><td>&nbsp;<\/td><td>\u0423\u0441\u0442\u0430\u043d\u043e\u0432\u043a\u0430 \u0437\u0430\u0437\u0435\u043c\u043b\u0435\u043d\u0438\u044f (\u0432 \u043a\u0432\u0430\u0440\u0442\u0438\u0440\u0435, \u0432\u0441\u043f\u043e\u043c\u043e\u0433\u0430\u0442\u0435\u043b\u044c\u043d\u044b\u0435 \u043f\u043e\u043c\u0435\u0449\u0435\u043d\u0438\u044f)<\/td><td>\u041e\u0442 250.00<\/td><td>\u0428\u0442.<\/td><\/tr><tr><td>&nbsp;<\/td><td>&nbsp;<\/td><td>&nbsp;<\/td><td>&nbsp;<\/td><\/tr><tr><td>11<\/td><td>Elektriplitiide paigaldus ja \u00fchendamine<\/td><td>80.00<\/td><td>&nbsp;<\/td><\/tr><tr><td>&nbsp;<\/td><td>\u0423\u0441\u0442\u0430\u043d\u043e\u0432\u043a\u0430 \u044d\u043b\u0435\u043a\u0442\u0440\u043e\u043f\u043b\u0438\u0442\u044b<\/td><td>80.00<\/td><td>&nbsp;<\/td><\/tr><tr><td>&nbsp;<\/td><td>&nbsp;<\/td><td>&nbsp;<\/td><td>&nbsp;<\/td><\/tr><tr><td>12<\/td><td>Liikumissensorite paigaldus<\/td><td>60.00<\/td><td>&nbsp;<\/td><\/tr><tr><td>&nbsp;<\/td><td>\u0423\u0441\u0442\u0430\u043d\u043e\u0432\u043a\u0430 \u0434\u0430\u0442\u0447\u0438\u043a\u043e\u0432 \u0434\u0432\u0438\u0436\u0435\u043d\u0438\u044f<\/td><td>60.00<\/td><td>&nbsp;<\/td><\/tr><tr><td>&nbsp;<\/td><td>&nbsp;<\/td><td>&nbsp;<\/td><td>&nbsp;<\/td><\/tr><tr><td>13<\/td><td>Elektroproektide koostamine<\/td><td>Kokkuleppel<\/td><td>&nbsp;<\/td><\/tr><tr><td>&nbsp;<\/td><td>\u0421\u043e\u0441\u0442\u0430\u0432\u043b\u0435\u043d\u0438\u0435 \u044d\u043b\u0435\u043a\u0442\u0440\u043e\u043f\u0440\u043e\u0435\u043a\u0442\u043e\u0432<\/td><td>\u041f\u043e \u0434\u043e\u0433\u043e\u0432\u043e\u0440\u0435\u043d\u043d\u043e\u0441\u0442\u0438<\/td><td>\u00a0<\/td><\/tr><\/tbody><\/table><\/figure>\n<\/div>\n<\/div>\n<\/div>\n\n\n\n<p><\/p>\n\n\n\n<p><\/p>\n\n\n\n<p><\/p>\n\n\n\n<ol class=\"wp-block-list\">\n<li>Min. hind v\u00e4ljakutse eest \u2013 see on esimese t\u00f6\u00f6tunni hind.<br>\u041c\u0438\u043d\u0438\u043c\u0430\u043b\u044c\u043d\u0430\u044f \u043f\u043b\u0430\u0442\u0430 \u0437\u0430 \u0432\u044b\u0437\u043e\u0432 \u2013 \u044d\u0442\u043e, \u0446\u0435\u043d\u0430 \u043f\u0435\u0440\u0432\u043e\u0433\u043e \u0447\u0430\u0441\u0430 \u0440\u0430\u0431\u043e\u0442\u044b.<\/li>\n\n\n\n<li>T\u00f6\u00f6d, mis ei ole hinnakirjas v\u00e4lja toodud, teostatakse vastavalt kalkulatsioonile.<br>\u041d\u0430\u0438\u043c\u0435\u043d\u043e\u0432\u0430\u043d\u0438\u0435 \u0440\u0430\u0431\u043e\u0442\u044b, \u043a\u043e\u0442\u043e\u0440\u043e\u0439 \u043d\u0435\u0442 \u0432 \u043f\u0440\u0438\u0432\u0435\u0434\u0451\u043d\u043d\u043e\u043c \u0441\u043f\u0438\u0441\u043a\u0435, \u0432\u044b\u043f\u043e\u043b\u043d\u044f\u0435\u0442\u0441\u044f \u0441\u043e\u043e\u0442\u0432\u0435\u0442\u0441\u0442\u0432\u0435\u043d\u043d\u043e \u043a\u0430\u043b\u044c\u043a\u0443\u043b\u044f\u0446\u0438\u0438.<\/li>\n\n\n\n<li>Eraisikutega arveldame ainult sularahas.<br>\u041e\u0431\u0441\u043b\u0443\u0436\u0438\u0432\u0430\u043d\u0438\u0435 \u0447\u0430\u0441\u0442\u043d\u044b\u0445 \u043a\u043b\u0438\u0435\u043d\u0442\u043e\u0432 (\u0431\u0435\u0437 \u0434\u043e\u0433\u043e\u0432\u043e\u0440\u0430) \u043f\u0440\u043e\u0438\u0437\u0432\u043e\u0434\u0438\u0442\u0441\u044f \u0442\u043e\u043b\u044c\u043a\u043e \u043f\u043e \u043d\u0430\u043b\u0438\u0447\u043d\u043e\u043c\u0443 \u0440\u0430\u0441\u0447\u0451\u0442\u0443.<\/li>\n\n\n\n<li>Tehnos\u00fcsteemide avariit\u00f6\u00f6d 40.00&nbsp;&nbsp; \u20ac\/h (tunnitasu kehtib \u00fche inimise t\u00f6\u00f6 kohta\/\u0441\u0442\u043e\u0438\u043c\u043e\u0441\u0442\u044c \u0447\u0430\u0441\u043e\u0432\u043e\u0439 \u043e\u043f\u043b\u0430\u0442\u044b \u0440\u0430\u0441\u0441\u0447\u0438\u0442\u044b\u0432\u0430\u0435\u0442\u0441\u044f \u043f\u043e \u0432\u0440\u0435\u043c\u0435\u043d\u0438 \u0440\u0430\u0431\u043e\u0442\u044b \u043e\u0434\u043d\u043e\u0433\u043e \u0447\u0435\u043b\u043e\u0432\u0435\u043a\u0430)<\/li>\n\n\n\n<li>Kella 18:00-st kuni 8:00 summale lisandub v\u00e4ljakutse hind 10 eur.<br>\u0421 18:00 \u0434\u043e 8:00 \u043a \u0441\u0443\u043c\u043c\u0435 \u0434\u043e\u0431\u0430\u0432\u043b\u044f\u0435\u0442\u0441\u044f \u0446\u0435\u043d\u0430 \u0432\u044b\u0437\u043e\u0432\u0430 10 \u0435\u0432\u0440\u043e.<\/li>\n<\/ol>","protected":false},"excerpt":{"rendered":"<p>( 2026 ) \u2116 T\u00f6\u00f6 nimetus\/&nbsp;\u041d\u0430\u0438\u043c\u0435\u043d\u043e\u0432\u0430\u043d\u0438\u0435 \u0440\u0430\u0431\u043e\u0442 Hind\/&nbsp;\u0426\u0435\u043d\u0430 + KM &nbsp; Transport \/ \u0422\u0440\u0430\u043d\u0441\u043f\u043e\u0440\u0442 0.60 1km A Santehnilised t\u00f6\u00f6d\/\u0421\u0430\u043d\u0442\u0435\u0445\u043d\u0438\u0447\u0435\u0441\u043a\u0438\u0435 \u0440\u0430\u0431\u043e\u0442\u044b 1 WC potti demontaaz 20.00&hellip;<\/p>","protected":false},"author":1,"featured_media":0,"parent":0,"menu_order":0,"comment_status":"closed","ping_status":"closed","template":"","meta":{"footnotes":""},"class_list":["post-1085","page","type-page","status-publish","hentry"],"_links":{"self":[{"href":"https:\/\/stevas.ee\/et\/wp-json\/wp\/v2\/pages\/1085","targetHints":{"allow":["GET"]}}],"collection":[{"href":"https:\/\/stevas.ee\/et\/wp-json\/wp\/v2\/pages"}],"about":[{"href":"https:\/\/stevas.ee\/et\/wp-json\/wp\/v2\/types\/page"}],"author":[{"embeddable":true,"href":"https:\/\/stevas.ee\/et\/wp-json\/wp\/v2\/users\/1"}],"replies":[{"embeddable":true,"href":"https:\/\/stevas.ee\/et\/wp-json\/wp\/v2\/comments?post=1085"}],"version-history":[{"count":13,"href":"https:\/\/stevas.ee\/et\/wp-json\/wp\/v2\/pages\/1085\/revisions"}],"predecessor-version":[{"id":1228,"href":"https:\/\/stevas.ee\/et\/wp-json\/wp\/v2\/pages\/1085\/revisions\/1228"}],"wp:attachment":[{"href":"https:\/\/stevas.ee\/et\/wp-json\/wp\/v2\/media?parent=1085"}],"curies":[{"name":"wp","href":"https:\/\/api.w.org\/{rel}","templated":true}]}}